{"id":517,"date":"2018-03-09T12:49:28","date_gmt":"2018-03-09T10:49:28","guid":{"rendered":"https:\/\/alexias-apartments.gr\/reviews\/"},"modified":"2022-02-22T15:26:41","modified_gmt":"2022-02-22T13:26:41","slug":"reviews","status":"publish","type":"page","link":"https:\/\/alexias-apartments.gr\/de\/reviews\/","title":{"rendered":"BEWERTUNGEN"},"content":{"rendered":"\n<h2>\n\t\tBewertungen\n\t<\/h2>\n\t<p>Seit 2018 haben wir Hunderte zufriedener G\u00e4ste untergebracht.<\/p>\n\t<p>* Die Bewertungen stammen von booking.com<\/p>\n\t\t\t\t\tPERSONAL\n\t\t\t\t\t9\t\t\t\t\n\t\t\t\t\tANNEMLICHKEITEN\n\t\t\t\t\t9\t\t\t\t\n\t\t\t\t\tSAUBERKEIT\n\t\t\t\t\t10\t\t\t\t\n\t\t\t\t\tKOMFORT\n\t\t\t\t\t9\t\t\t\t\n\t\t\t\t\tPREIS &#8211; LEISTUNGS &#8211; VERH\u00c4LTNIS\n\t\t\t\t\t9\t\t\t\t\n\t\t\t\t\tSTADTORT\n\t\t\t\t\t9\t\t\t\t\n<h3>\n\t\tDas L\u00e4cheln unserer G\u00e4ste ist und bleibt die gr\u00f6\u00dfte Belohnung!\n\t<\/h3>\n\t<p>\u03a0\u03b1\u03c1\u03cc\u03bb\u03b1 \u03b1\u03c5\u03c4\u03ac, \u03b5\u03ba\u03c4\u03b9\u03bc\u03bf\u03cd\u03bc\u03b5 \u03c0\u03ac\u03bd\u03c4\u03b1 \u03c4\u03b7\u03bd \u03b5\u03c0\u03bf\u03b9\u03ba\u03bf\u03b4\u03bf\u03bc\u03b7\u03c4\u03b9\u03ba\u03ae \u03ba\u03c1\u03b9\u03c4\u03b9\u03ba\u03ae \u03ba\u03b1\u03b9 \u03c4\u03b1 \u03c3\u03c7\u03cc\u03bb\u03b9\u03ac \u03c3\u03b1\u03c2, \u03ba\u03b1\u03b8\u03ce\u03c2 \u03bc\u03b1\u03c2 \u03b2\u03bf\u03b7\u03b8\u03bf\u03cd\u03bd \u03bd\u03b1 \u03b3\u03b9\u03bd\u03cc\u03bc\u03b1\u03c3\u03c4\u03b5 \u03ba\u03ac\u03b8\u03b5 \u03bc\u03ad\u03c1\u03b1 \u03bb\u03af\u03b3\u03bf \u03ba\u03b1\u03bb\u03cd\u03c4\u03b5\u03c1\u03bf\u03b9<\/p>\n<p>Vielen Dank!<\/p>\n<h2>\n\t\tKaterina\n\t<\/h2>\n\t<p>Griechenland, 22. Januar 2020<\/p>\n\t\t\t\t<img loading=\"lazy\" decoding=\"async\" src=\"https:\/\/alexias-apartments.gr\/files\/2020\/10\/logo-booking-com.png\" alt=\"logo-booking-com\" itemprop=\"image\" height=\"247\" width=\"700\" title=\"logo-booking-com\" onerror=\"this.style.display='none'\"  \/>\n<h3>\n\t\tPerfekt !\n\t<\/h3>\n\t<p>&#8222;Das Dachzimmer war sehr sch\u00f6n eingerichtet, tadellos sauber, komfortabel und warm, da es drau\u00dfen sehr kalt war. Die Fotos werden dem nicht gerecht. !!! Die Besitzer, die den ganzen Tag dort waren, l\u00e4chelten immer und waren hilfsbereit! Alles war wunderbar. &#8222;<\/p>\n<h2>\n\t\tFilia\n\t<\/h2>\n\t<p>Griechenland, 24. April 2019<\/p>\n\t\t\t\t<img loading=\"lazy\" decoding=\"async\" src=\"https:\/\/alexias-apartments.gr\/files\/2020\/10\/logo-booking-com.png\" alt=\"logo-booking-com\" itemprop=\"image\" height=\"247\" width=\"700\" title=\"logo-booking-com\" onerror=\"this.style.display='none'\"  \/>\n<h3>\n\t\tSuper\n\t<\/h3>\n\t<p>&#8222;Freundlichkeit, Service, Sauberkeit! 4. Mal f\u00fcr mich hier und das einzige was ich kann sagen, ist: perfekt !!!&#8220;<\/p>\n<h2>\n\t\tIoannis\n\t<\/h2>\n\t<p>Griechenland, 17. M\u00e4rz 2019<\/p>\n\t\t\t\t<img loading=\"lazy\" decoding=\"async\" src=\"https:\/\/alexias-apartments.gr\/files\/2020\/10\/logo-booking-com.png\" alt=\"logo-booking-com\" itemprop=\"image\" height=\"247\" width=\"700\" title=\"logo-booking-com\" onerror=\"this.style.display='none'\"  \/>\n<h3>\n\t\tSuper\n\t<\/h3>\n\t<p>&#8222;Einfacher Zugang, sauber, sicher, komfortabel und funktional zu vielen Dienstleistungen, f\u00fcr seine Annehmlichkeiten sehr preiswert.&#8220;<\/p>\n\n","protected":false},"excerpt":{"rendered":"<p>Bewertungen Seit 2018 haben wir Hunderte zufriedener G\u00e4ste untergebracht. * Die Bewertungen stammen von booking.com PERSONAL 9 ANNEMLICHKEITEN 9 SAUBERKEIT 10 KOMFORT 9 PREIS &#8211; LEISTUNGS &#8211; VERH\u00c4LTNIS 9 STADTORT 9 Das L\u00e4cheln unserer G\u00e4ste ist und bleibt die gr\u00f6\u00dfte Belohnung! \u03a0\u03b1\u03c1\u03cc\u03bb\u03b1 \u03b1\u03c5\u03c4\u03ac, \u03b5\u03ba\u03c4\u03b9\u03bc\u03bf\u03cd\u03bc\u03b5 \u03c0\u03ac\u03bd\u03c4\u03b1 \u03c4\u03b7\u03bd \u03b5\u03c0\u03bf\u03b9\u03ba\u03bf\u03b4\u03bf\u03bc\u03b7\u03c4\u03b9\u03ba\u03ae \u03ba\u03c1\u03b9\u03c4\u03b9\u03ba\u03ae \u03ba\u03b1\u03b9 \u03c4\u03b1 \u03c3\u03c7\u03cc\u03bb\u03b9\u03ac \u03c3\u03b1\u03c2, \u03ba\u03b1\u03b8\u03ce\u03c2 \u03bc\u03b1\u03c2 \u03b2\u03bf\u03b7\u03b8\u03bf\u03cd\u03bd [&hellip;]<\/p>\n","protected":false},"author":1,"featured_media":0,"parent":0,"menu_order":0,"comment_status":"closed","ping_status":"closed","template":"","meta":{"site-sidebar-layout":"no-sidebar","site-content-layout":"page-builder","ast-site-content-layout":"default","site-content-style":"default","site-sidebar-style":"default","ast-global-header-display":"","ast-banner-title-visibility":"","ast-main-header-display":"","ast-hfb-above-header-display":"","ast-hfb-below-header-display":"","ast-hfb-mobile-header-display":"","site-post-title":"disabled","ast-breadcrumbs-content":"","ast-featured-img":"disabled","footer-sml-layout":"","ast-disable-related-posts":"","theme-transparent-header-meta":"enabled","adv-header-id-meta":"","stick-header-meta":"default","header-above-stick-meta":"","header-main-stick-meta":"","header-below-stick-meta":"","astra-migrate-meta-layouts":"default","ast-page-background-enabled":"default","ast-page-background-meta":{"desktop":{"background-color":"","background-image":"","background-repeat":"repeat","background-position":"center center","background-size":"auto","background-attachment":"scroll","background-type":"","background-media":"","overlay-type":"","overlay-color":"","overlay-opacity":"","overlay-gradient":""},"tablet":{"background-color":"","background-image":"","background-repeat":"repeat","background-position":"center center","background-size":"auto","background-attachment":"scroll","background-type":"","background-media":"","overlay-type":"","overlay-color":"","overlay-opacity":"","overlay-gradient":""},"mobile":{"background-color":"","background-image":"","background-repeat":"repeat","background-position":"center center","background-size":"auto","background-attachment":"scroll","background-type":"","background-media":"","overlay-type":"","overlay-color":"","overlay-opacity":"","overlay-gradient":""}},"ast-content-background-meta":{"desktop":{"background-color":"var(--ast-global-color-5)","background-image":"","background-repeat":"repeat","background-position":"center center","background-size":"auto","background-attachment":"scroll","background-type":"","background-media":"","overlay-type":"","overlay-color":"","overlay-opacity":"","overlay-gradient":""},"tablet":{"background-color":"var(--ast-global-color-5)","background-image":"","background-repeat":"repeat","background-position":"center center","background-size":"auto","background-attachment":"scroll","background-type":"","background-media":"","overlay-type":"","overlay-color":"","overlay-opacity":"","overlay-gradient":""},"mobile":{"background-color":"var(--ast-global-color-5)","background-image":"","background-repeat":"repeat","background-position":"center center","background-size":"auto","background-attachment":"scroll","background-type":"","background-media":"","overlay-type":"","overlay-color":"","overlay-opacity":"","overlay-gradient":""}},"footnotes":""},"class_list":["post-517","page","type-page","status-publish","hentry"],"_links":{"self":[{"href":"https:\/\/alexias-apartments.gr\/de\/wp-json\/wp\/v2\/pages\/517","targetHints":{"allow":["GET"]}}],"collection":[{"href":"https:\/\/alexias-apartments.gr\/de\/wp-json\/wp\/v2\/pages"}],"about":[{"href":"https:\/\/alexias-apartments.gr\/de\/wp-json\/wp\/v2\/types\/page"}],"author":[{"embeddable":true,"href":"https:\/\/alexias-apartments.gr\/de\/wp-json\/wp\/v2\/users\/1"}],"replies":[{"embeddable":true,"href":"https:\/\/alexias-apartments.gr\/de\/wp-json\/wp\/v2\/comments?post=517"}],"version-history":[{"count":0,"href":"https:\/\/alexias-apartments.gr\/de\/wp-json\/wp\/v2\/pages\/517\/revisions"}],"wp:attachment":[{"href":"https:\/\/alexias-apartments.gr\/de\/wp-json\/wp\/v2\/media?parent=517"}],"curies":[{"name":"wp","href":"https:\/\/api.w.org\/{rel}","templated":true}]}}