{"id":516,"date":"2020-10-18T00:34:50","date_gmt":"2020-10-17T21:34:50","guid":{"rendered":"https:\/\/alexias-apartments.gr\/location\/"},"modified":"2021-02-15T11:43:38","modified_gmt":"2021-02-15T09:43:38","slug":"location","status":"publish","type":"page","link":"https:\/\/alexias-apartments.gr\/de\/location\/","title":{"rendered":"Standort"},"content":{"rendered":"\n<h2>\n\t\tUnser Standort\n\t<\/h2>\n\t<p>Die Wohnungen zur Miete Alexia&#8217;s Apartments in Rio befinden sich in einem idealen Stadtort f\u00fcr die G\u00e4ste.<\/p>\n<h2>\n\t\tIdealer Stadtort\n\t<\/h2>\n\t<p>Die Wohnungen zur Miete Alexia&#8217;s Apartments befinden sich in der Stadt von Rio, nur 8 km vom Zentrum von Patras entfernt. Die Lage der Wohnungen ist ganz g\u00fcnstigen, da sie in der N\u00e4he von dem Universit\u00e4tsklinikum von Rio und der Universit\u00e4t von Patras, aber auch am Einkaufszentrum von Rio und der K\u00fcste liegt.<\/p>\n<h2>\n\t\tNur einen Steinwurf entfernt\n\t<\/h2>\n\t<p>Egal, ob Sie Arzt, medizinischer Besucher, Krankenschwester oder sogar Patientenbetreuer sind, die Alexia&#8217;s Apartments sind die ideale L\u00f6sung f\u00fcr diejenigen unter Ihnen, die sich bequem und schnell im Universit\u00e4tskrankenhaus von Rio bewegen m\u00f6chten. Sehr oft hat die Zeitersparnis h\u00f6chste Priorit\u00e4t. Daher werden unsere Wohnungen oft von Personen ausgew\u00e4hlt, die Zeit im Krankenhaus verbringen m\u00fcssen, da sie, ohne Wartezeiten und Verz\u00f6gerungen, sofortigen Zugang bieten. Sie sind aber auch geeignet f\u00fcr diejenigen, die sich ein paar Stunden w\u00e4hrend des Tages erholen m\u00f6chten.<\/p>\n<p>Wenn Sie noch Student, Professor oder Universit\u00e4tsangestellter sind, sind unsere Wohnungen ohne Frage die beste Wahl, da Sie in nur wenigen Metern Zugang zu Ihrer Schule haben. Vordiplomstudenten und Doktoranden der Universit\u00e4t bevorzugen unsere Wohnung, weil sie ihre privilegierte Lage direkt neben der Universit\u00e4t sch\u00e4tzen.<\/p>\n<h2>\n\t\tDer Strand von Rio\n\t<\/h2>\n\t<p>W\u00e4hrend der Sommermonate warten die Alexia&#8217;s Apartments auf Sie, entweder Ihr Urlaubsziel Patras ist und Sie am Meer bleiben m\u00f6chten oder nach einem sch\u00f6nen und ruhigen Ort f\u00fcr eine kurze Pause von Ihrer Reise suchen! Sie sind nur 2 km vom Strand von Rio entfernt, wo man neben dem Schwimmen auch Kaffee und Essen am Meer genie\u00dfen kann, aber auch vom Strand von Agios Vasilios, einem der beliebtesten Badegebiete von Patras.<\/p>\n<p>Eine besondere Veranstaltung in den Sommermonaten ist auch die Kite-Surf-Weltmeisterschaft, die in Drepano stattfindet und dank unseren Wohnungen zur Miete,  bringen wir h\u00e4ufig teilnehmende Athleten und Zuschauer der Meisterschaft unter, die sie, aufgrund ihrer g\u00fcnstigen Lage, ausw\u00e4hlen.<\/p>\n<h2>\n\t\tKarte\n\t<\/h2>\n\t<iframe loading=\"lazy\" src=\"https:\/\/www.google.com\/maps\/embed?pb=!1m14!1m8!1m3!1d12524.715262753394!2d21.7962782!3d38.2985246!3m2!1i1024!2i768!4f13.1!3m3!1m2!1s0x0%3A0x559cafd4249563fb!2sALEXIAS%20APARTMENTS!5e0!3m2!1sen!2sgr!4v1602969611354!5m2!1sen!2sgr\" width=\"100%\" height=\"400\" frameborder=\"0\" allowfullscreen=\"\" aria-hidden=\"false\" tabindex=\"0\"><\/iframe>\n<h2>\n\t\tEntfernungen\n\t<\/h2>\n\t<ul>\n<li>Universit\u00e4tsklinikum Rio 400 m<\/li>\n<li>Universit\u00e4t von Rio 400 m<\/li>\n<li>Rio-Antirio-Br\u00fccke 2,4 km<\/li>\n<li>Rio Festung 2,1 km<\/li>\n<li>Rio Strand 2 km<\/li>\n<li>Kirche von Agios Georgios Rio<\/li>\n<li>900 m Rio Dorf 2 km<\/li>\n<li>Zentrum von Patras 8,3 km<\/li>\n<li>Agios Vasilios 3 km<\/li>\n<\/ul>\n<h2>\n\t\tSportanlagen\n\t<\/h2>\n\t<ul>\n<li>Reitverein 3.1 km<\/li>\n<li>Tofalos Basketballplatz 2.8 km<\/li>\n<li>Pampeloponnisiako-Stadium 11,2 km<\/li>\n<\/ul>\n<h2>\n\t\tTransport\n\t<\/h2>\n\t<ul>\n<li>Stadtbushaltestelle 450 m<\/li>\n<li>Bushaltestelle 150 m<\/li>\n<\/ul>\n<h2>\n\t\tMarkt\n\t<\/h2>\n\t<ul>\n<li>\u03a3\u03bf\u03cd\u03c0\u03b5\u03c1 \u039c\u03ac\u03c1\u03ba\u03b5\u03c4 650 \u03bc\u03ad\u03c4\u03c1\u03b1<\/li>\n<li>\u03a6\u03bf\u03cd\u03c1\u03bd\u03bf\u03c2 500 \u03bc\u03ad\u03c4\u03c1\u03b1<\/li>\n<li>\u039a\u03b1\u03c6\u03ad 350 \u03bc\u03ad\u03c4\u03c1\u03b1<\/li>\n<\/ul>\n<h2>\n\t\tSehensw\u00fcrdigkeiten\n\t<\/h2>\n\t<ul>\n<li>Selemnos Fluss 500 m<\/li>\n<li>Arch\u00e4ologisches Museum von Patras 6,5 km<\/li>\n<\/ul>\n\n","protected":false},"excerpt":{"rendered":"<p>Unser Standort Die Wohnungen zur Miete Alexia&#8217;s Apartments in Rio befinden sich in einem idealen Stadtort f\u00fcr die G\u00e4ste. Idealer Stadtort Die Wohnungen zur Miete Alexia&#8217;s Apartments befinden sich in der Stadt von Rio, nur 8 km vom Zentrum von Patras entfernt. Die Lage der Wohnungen ist ganz g\u00fcnstigen, da sie in der N\u00e4he von [&hellip;]<\/p>\n","protected":false},"author":2,"featured_media":0,"parent":0,"menu_order":0,"comment_status":"closed","ping_status":"closed","template":"","meta":{"site-sidebar-layout":"no-sidebar","site-content-layout":"page-builder","ast-site-content-layout":"default","site-content-style":"default","site-sidebar-style":"default","ast-global-header-display":"","ast-banner-title-visibility":"","ast-main-header-display":"","ast-hfb-above-header-display":"","ast-hfb-below-header-display":"","ast-hfb-mobile-header-display":"","site-post-title":"disabled","ast-breadcrumbs-content":"","ast-featured-img":"disabled","footer-sml-layout":"","ast-disable-related-posts":"","theme-transparent-header-meta":"enabled","adv-header-id-meta":"","stick-header-meta":"default","header-above-stick-meta":"","header-main-stick-meta":"","header-below-stick-meta":"","astra-migrate-meta-layouts":"default","ast-page-background-enabled":"default","ast-page-background-meta":{"desktop":{"background-color":"","background-image":"","background-repeat":"repeat","background-position":"center center","background-size":"auto","background-attachment":"scroll","background-type":"","background-media":"","overlay-type":"","overlay-color":"","overlay-opacity":"","overlay-gradient":""},"tablet":{"background-color":"","background-image":"","background-repeat":"repeat","background-position":"center center","background-size":"auto","background-attachment":"scroll","background-type":"","background-media":"","overlay-type":"","overlay-color":"","overlay-opacity":"","overlay-gradient":""},"mobile":{"background-color":"","background-image":"","background-repeat":"repeat","background-position":"center center","background-size":"auto","background-attachment":"scroll","background-type":"","background-media":"","overlay-type":"","overlay-color":"","overlay-opacity":"","overlay-gradient":""}},"ast-content-background-meta":{"desktop":{"background-color":"var(--ast-global-color-5)","background-image":"","background-repeat":"repeat","background-position":"center center","background-size":"auto","background-attachment":"scroll","background-type":"","background-media":"","overlay-type":"","overlay-color":"","overlay-opacity":"","overlay-gradient":""},"tablet":{"background-color":"var(--ast-global-color-5)","background-image":"","background-repeat":"repeat","background-position":"center center","background-size":"auto","background-attachment":"scroll","background-type":"","background-media":"","overlay-type":"","overlay-color":"","overlay-opacity":"","overlay-gradient":""},"mobile":{"background-color":"var(--ast-global-color-5)","background-image":"","background-repeat":"repeat","background-position":"center center","background-size":"auto","background-attachment":"scroll","background-type":"","background-media":"","overlay-type":"","overlay-color":"","overlay-opacity":"","overlay-gradient":""}},"footnotes":""},"class_list":["post-516","page","type-page","status-publish","hentry"],"_links":{"self":[{"href":"https:\/\/alexias-apartments.gr\/de\/wp-json\/wp\/v2\/pages\/516","targetHints":{"allow":["GET"]}}],"collection":[{"href":"https:\/\/alexias-apartments.gr\/de\/wp-json\/wp\/v2\/pages"}],"about":[{"href":"https:\/\/alexias-apartments.gr\/de\/wp-json\/wp\/v2\/types\/page"}],"author":[{"embeddable":true,"href":"https:\/\/alexias-apartments.gr\/de\/wp-json\/wp\/v2\/users\/2"}],"replies":[{"embeddable":true,"href":"https:\/\/alexias-apartments.gr\/de\/wp-json\/wp\/v2\/comments?post=516"}],"version-history":[{"count":0,"href":"https:\/\/alexias-apartments.gr\/de\/wp-json\/wp\/v2\/pages\/516\/revisions"}],"wp:attachment":[{"href":"https:\/\/alexias-apartments.gr\/de\/wp-json\/wp\/v2\/media?parent=516"}],"curies":[{"name":"wp","href":"https:\/\/api.w.org\/{rel}","templated":true}]}}