{"id":513,"date":"2018-03-09T12:47:31","date_gmt":"2018-03-09T10:47:31","guid":{"rendered":"https:\/\/alexias-apartments.gr\/accommodation\/"},"modified":"2025-11-21T08:05:47","modified_gmt":"2025-11-21T06:05:47","slug":"accommodation","status":"publish","type":"page","link":"https:\/\/alexias-apartments.gr\/de\/accommodation\/","title":{"rendered":"Unterkunft"},"content":{"rendered":"\n<h1>\n\t\t\tUnterkunft\t<\/h1>\n\t<p>Entdecken Sie Alexia&#8217;s Apartments und buchen Sie online <\/p>\n<h2>\n\t\t\tDie Unterkunft\t<\/h2>\n\t<p>Alexias Apartments erstrecken sich \u00fcber drei Ebenen, die durch eine Marmortreppe verbunden sind. Die G\u00e4stewohnungen befinden sich sowohl im Erdgeschoss als auch im ersten und zweiten Stock. Sie sind in Einzel-, Doppel-, Dreifach- und Vierfachwohnungen unterteilt, abh\u00e4ngig von der Anzahl der G\u00e4ste und der Gr\u00f6\u00dfe jeder Wohnungen.<\/p>\n<p>Im Erdgeschoss der Alexia&#8217;s Apartments hei\u00dft die Rezeption den Gast willkommen. Es gibt auch ein Wohnzimmer, in dem die G\u00e4ste angenehme Zeit verbringen k\u00f6nnen. Im ersten Stock steht ein kleines Fitnessstudio f\u00fcr diejenigen zur Verf\u00fcgung, die ihre t\u00e4glichen Gewohnheiten nicht aufgeben m\u00f6chten &#8211; aber auch f\u00fcr diejenigen, die sich etwas Neues angew\u00f6hnen m\u00f6chten. Es gibt auch ein zweites Wohnzimmer im zweiten Stock, w\u00e4hrend die Mieter drau\u00dfen einen privaten Parkplatz finden k\u00f6nnen.<\/p>\n<h2>\n\t\t\tAusstattung\t<\/h2>\n\t<p>Alle Wohnungen verf\u00fcgen \u00fcber eine Klimaanlage und Heizung mit W\u00e4rmepumpe sowie rund um die Uhr hei\u00dfes Wasser. Alle ausnahmslos verf\u00fcgen \u00fcber eine K\u00fcche, die mit den notwendigen Elektroger\u00e4ten sowie Koch- und Servierutensilien ausgestattet ist. Der Tisch mit den St\u00fchlen oder das Sofa bietet den Komfort und das warme Gef\u00fchl eines kleinen Wohnzimmers, auch in kleinen Einzelzimmern. Schr\u00e4nke und Geldschr\u00e4nke bieten Stauraum und einige Wohnungen verf\u00fcgen auch \u00fcber eine Waschmaschine. Alle Zimmer verf\u00fcgen \u00fcber Flachbildfernseher mit LED-Technologie. Sch\u00f6ne Balkone mit Markisen bieten auch Aussicht und einen komfortablen Raum f\u00fcr entspannende Momente an der frischen Luft.<\/p>\n<p>Wenn Sie gerne Rad fahren, bieten die Alexia&#8217;s Apartments Fahrr\u00e4der an, um entweder den Transport zu und von den Wohnungen oder nach Rio Strand und in die Innenstadt von Rio zu erleichtern oder um Ihnen einfach die Wahl zu geben, die Gegend auf unterhaltsame und originelle Weise zu erkunden.<\/p>\n<h2>\n\t\t\tUnterkunft Dienstleistungen\t<\/h2>\n\t<ul>\n<li>Kostenlose Parkpl\u00e4tze<\/li>\n<li>12 Stunden Rezeption<\/li>\n<li>Free wifi Service<\/li>\n<li>Babybett<\/li>\n<li>Wasserkocher und Kaffeematerialien Wasserkocher f\u00fcr Kaffee \/tea<\/li>\n<li>Geteilter Computer<\/li>\n<li>kabelferncehen<\/li>\n<li>Chemische Reinigung, B\u00fcgeln, Waschen<\/li>\n<li>Handtuchwechsel auf Anfrage<\/li>\n<li>B\u00fcgeleisen und B\u00fcgelbrett<\/li>\n<li>T\u00e4gliche Zimmerreinigung<\/li>\n<li>Reinigungsdienste auf Anfrage<\/li>\n<\/ul>\n<h3>\n\t\t\t1 Gast\t<\/h3>\n<h2>\n\t\t\tEinzelbett\t<\/h2>\n\t<p>Die Einzelwohnungen sind zwischen 20 und 35 Quadratmetern gro\u00df. Sie bieten Platz f\u00fcr einen Gast und verf\u00fcgen \u00fcber ein Einzelbett.<\/p>\n\t\t\t<a href=\"\/de\/book\/\" target=\"_self\">\n\t\t\t\t\t\t\tBUCHEN SIE JETZT ab \u20ac48\n\t\t\t\t\t<\/a>\n\t\t\t\t<img decoding=\"async\" src=\"https:\/\/alexias-apartments.gr\/files\/2020\/10\/alexias-apartments-single-roomy-03.jpg\" alt=\"alexias-apartments-single-roomy-03\" itemprop=\"image\" height=\"1282\" width=\"1920\" title=\"alexias-apartments-single-roomy-03\" onerror=\"this.style.display='none'\" loading=\"lazy\" \/>\n<h3>\n\t\t\t2 G\u00e4ste\t<\/h3>\n<h2>\n\t\t\tDoppelbett\t<\/h2>\n\t<p>Die Doppelwohnungen sind zwischen 40 und 45 Quadratmetern gro\u00df. Sie bieten Platz f\u00fcr zwei G\u00e4ste und verf\u00fcgen \u00fcber ein Doppelbett oder zwei Einzelbetten.<\/p>\n\t\t\t<a href=\"\/de\/book\/\" target=\"_self\">\n\t\t\t\t\t\t\tBUCHEN SIE JETZT ab \u20ac63\n\t\t\t\t\t<\/a>\n\t\t\t\t<img decoding=\"async\" src=\"https:\/\/alexias-apartments.gr\/files\/2020\/10\/alexias-apartments-double-room-19.jpg\" alt=\"alexias-apartments-double-room-19\" itemprop=\"image\" height=\"1281\" width=\"1920\" title=\"alexias-apartments-double-room-19\" onerror=\"this.style.display='none'\" loading=\"lazy\" \/>\n<h3>\n\t\t\t3 bis 4 G\u00e4ste\t<\/h3>\n<h2>\n\t\t\t1 Einzelbett und 1 Doppelbett\t<\/h2>\n\t<p>Die Dreifachwohnungen sind zwischen 45 und 60 Quadratmetern gro\u00df. Sie bieten Platz f\u00fcr drei G\u00e4sten und verf\u00fcgen \u00fcber ein Kingsize-Doppelbett oder zwei Einzelbetten sowie ein Sofa, das sich zu einem Einzelbett \u00f6ffnet und einen weiteren Gast beherbergt.<\/p>\n\t\t\t<a href=\"\/de\/book\/\" target=\"_self\">\n\t\t\t\t\t\t\tBUCHEN SIE JETZT ab \u20ac75\n\t\t\t\t\t<\/a>\n\t\t\t\t<img decoding=\"async\" src=\"https:\/\/alexias-apartments.gr\/files\/2020\/10\/alexias-apartments-triple-room-12.jpg\" alt=\"alexias-apartments-triple-room-12\" itemprop=\"image\" height=\"1281\" width=\"1920\" title=\"alexias-apartments-triple-room-12\" onerror=\"this.style.display='none'\" loading=\"lazy\" \/>\n\n","protected":false},"excerpt":{"rendered":"<p>Unterkunft Entdecken Sie Alexia&#8217;s Apartments und buchen Sie online Die Unterkunft Alexias Apartments erstrecken sich \u00fcber drei Ebenen, die durch eine Marmortreppe verbunden sind. Die G\u00e4stewohnungen befinden sich sowohl im Erdgeschoss als auch im ersten und zweiten Stock. Sie sind in Einzel-, Doppel-, Dreifach- und Vierfachwohnungen unterteilt, abh\u00e4ngig von der Anzahl der G\u00e4ste und der [&hellip;]<\/p>\n","protected":false},"author":1,"featured_media":0,"parent":0,"menu_order":0,"comment_status":"closed","ping_status":"closed","template":"","meta":{"site-sidebar-layout":"no-sidebar","site-content-layout":"page-builder","ast-site-content-layout":"default","site-content-style":"default","site-sidebar-style":"default","ast-global-header-display":"","ast-banner-title-visibility":"","ast-main-header-display":"","ast-hfb-above-header-display":"","ast-hfb-below-header-display":"","ast-hfb-mobile-header-display":"","site-post-title":"disabled","ast-breadcrumbs-content":"","ast-featured-img":"disabled","footer-sml-layout":"","ast-disable-related-posts":"","theme-transparent-header-meta":"enabled","adv-header-id-meta":"","stick-header-meta":"default","header-above-stick-meta":"","header-main-stick-meta":"","header-below-stick-meta":"","astra-migrate-meta-layouts":"default","ast-page-background-enabled":"default","ast-page-background-meta":{"desktop":{"background-color":"","background-image":"","background-repeat":"repeat","background-position":"center center","background-size":"auto","background-attachment":"scroll","background-type":"","background-media":"","overlay-type":"","overlay-color":"","overlay-opacity":"","overlay-gradient":""},"tablet":{"background-color":"","background-image":"","background-repeat":"repeat","background-position":"center center","background-size":"auto","background-attachment":"scroll","background-type":"","background-media":"","overlay-type":"","overlay-color":"","overlay-opacity":"","overlay-gradient":""},"mobile":{"background-color":"","background-image":"","background-repeat":"repeat","background-position":"center center","background-size":"auto","background-attachment":"scroll","background-type":"","background-media":"","overlay-type":"","overlay-color":"","overlay-opacity":"","overlay-gradient":""}},"ast-content-background-meta":{"desktop":{"background-color":"var(--ast-global-color-5)","background-image":"","background-repeat":"repeat","background-position":"center center","background-size":"auto","background-attachment":"scroll","background-type":"","background-media":"","overlay-type":"","overlay-color":"","overlay-opacity":"","overlay-gradient":""},"tablet":{"background-color":"var(--ast-global-color-5)","background-image":"","background-repeat":"repeat","background-position":"center center","background-size":"auto","background-attachment":"scroll","background-type":"","background-media":"","overlay-type":"","overlay-color":"","overlay-opacity":"","overlay-gradient":""},"mobile":{"background-color":"var(--ast-global-color-5)","background-image":"","background-repeat":"repeat","background-position":"center center","background-size":"auto","background-attachment":"scroll","background-type":"","background-media":"","overlay-type":"","overlay-color":"","overlay-opacity":"","overlay-gradient":""}},"footnotes":""},"class_list":["post-513","page","type-page","status-publish","hentry"],"_links":{"self":[{"href":"https:\/\/alexias-apartments.gr\/de\/wp-json\/wp\/v2\/pages\/513","targetHints":{"allow":["GET"]}}],"collection":[{"href":"https:\/\/alexias-apartments.gr\/de\/wp-json\/wp\/v2\/pages"}],"about":[{"href":"https:\/\/alexias-apartments.gr\/de\/wp-json\/wp\/v2\/types\/page"}],"author":[{"embeddable":true,"href":"https:\/\/alexias-apartments.gr\/de\/wp-json\/wp\/v2\/users\/1"}],"replies":[{"embeddable":true,"href":"https:\/\/alexias-apartments.gr\/de\/wp-json\/wp\/v2\/comments?post=513"}],"version-history":[{"count":0,"href":"https:\/\/alexias-apartments.gr\/de\/wp-json\/wp\/v2\/pages\/513\/revisions"}],"wp:attachment":[{"href":"https:\/\/alexias-apartments.gr\/de\/wp-json\/wp\/v2\/media?parent=513"}],"curies":[{"name":"wp","href":"https:\/\/api.w.org\/{rel}","templated":true}]}}