{"id":508,"date":"2018-03-09T12:46:03","date_gmt":"2018-03-09T10:46:03","guid":{"rendered":"https:\/\/alexias-apartments.gr\/home\/"},"modified":"2025-11-21T08:04:07","modified_gmt":"2025-11-21T06:04:07","slug":"home","status":"publish","type":"page","link":"https:\/\/alexias-apartments.gr\/de\/","title":{"rendered":"HOME"},"content":{"rendered":"\n<h3>\n\t\t\tAlexia&#8217;s Apartments\t<\/h3>\n<h2>\n\t\t\tWenn Komfort auf Einfachheit trifft\t<\/h2>\n<h1>\n\t\t\tAlexia&#8217;s Apartments\t<\/h1>\n<h2>\n\t\t\tWohnungen zur Miete in einer famili\u00e4ren und angenehmen Umgebung\t<\/h2>\n\t<p>Die Alexia&#8217;s Apartments in der Stadt von Rio empfangen Sie in ihren komfortablen Wohnungen. Nur 8 km vom Zentrum von Patras entfernt, befinden sich die Wohnungen zur Miete in unmittelbarer N\u00e4he des Universit\u00e4tsklinikums von Rio und der Universit\u00e4t von Patras. Mit einer warmen famili\u00e4ren Atmosph\u00e4re erwarten die Alexia&#8217;s Apartments sowohl Reisende f\u00fcr kurze oder lange Unterkunft in Rio als auch andere G\u00e4ste unterzubringen, die direkten Zugang zu den Einrichtungen der Region w\u00fcnschen.<\/p>\n<p>Der ungezwungene Komfort und die W\u00e4rme des famili\u00e4ren Raums mit dem modernen und fr\u00f6hlichen Design werden Ihre Aufmerksamkeit vom ersten Moment an auf sich ziehen und machen auch die k\u00fcrzeste Pause zu einem Erlebnis der Entspannung und Sorglosigkeit. Die komfortablen Zimmer der Alexia&#8217;s Apartments bieten Platz f\u00fcr ein bis vier G\u00e4ste, wobei stets die Priorit\u00e4t besteht, die W\u00fcnsche jedes Mieters zu erf\u00fcllen und eine angenehme Unterkunft zu bieten.<\/p>\n    <p>Komfortable Wohnungen <br \/>f\u00fcr jeden Gast<\/p>\n    <p>Sch\u00f6ne Balkone <br \/> mit Aussicht<\/p>\n    <p>Voll ausgestattete <br \/> K\u00fcche<\/p>\n    <p>Kostenfreies WLAN <br \/>in allen Zimmern<\/p>\n    <p>Privater <br \/>Parkplatz<\/p>\n<h2>\n\t\t\tUnterkunft\t<\/h2>\n<h3>\n\t\t\t1 Gast\t<\/h3>\n<h3>\n\t\t\tEinzelbett \t<\/h3>\n\t<p>Die Einzelwohnungen sind zwischen 20 und 35 Quadratmetern gro\u00df. Sie bieten Platz f\u00fcr einen Gast und verf\u00fcgen \u00fcber ein Einzelbett.<\/p>\n\t\t\t<a href=\"\/de\/\/book\/\" target=\"_self\">\n\t\t\t\t\t\t\tBUCHEN SIE JETZT ab \u20ac48\n\t\t\t\t\t<\/a>\n\t\t\t\t<img decoding=\"async\" src=\"https:\/\/alexias-apartments.gr\/files\/2020\/10\/alexias-apartments-single-roomy-03.jpg\" alt=\"alexias-apartments-single-roomy-03\" itemprop=\"image\" height=\"1282\" width=\"1920\" title=\"alexias-apartments-single-roomy-03\" onerror=\"this.style.display='none'\" loading=\"lazy\" \/>\n<h3>\n\t\t\t2 G\u00e4ste\t<\/h3>\n<h3>\n\t\t\tDoppelbett\t<\/h3>\n\t<p>Die Doppelwohnungen sind zwischen 40 und 45 Quadratmetern gro\u00df. Sie bieten Platz f\u00fcr zwei G\u00e4ste und verf\u00fcgen \u00fcber ein Doppelbett oder zwei Einzelbetten.<\/p>\n\t\t\t<a href=\"\/de\/book\/\" target=\"_self\">\n\t\t\t\t\t\t\tBUCHEN SIE JETZT ab \u20ac63\n\t\t\t\t\t<\/a>\n\t\t\t\t<img decoding=\"async\" src=\"https:\/\/alexias-apartments.gr\/files\/2020\/10\/alexias-apartments-double-room-19.jpg\" alt=\"alexias-apartments-double-room-19\" itemprop=\"image\" height=\"1281\" width=\"1920\" title=\"alexias-apartments-double-room-19\" onerror=\"this.style.display='none'\" loading=\"lazy\" \/>\n<h3>\n\t\t\t3 bis 4 G\u00e4ste\t<\/h3>\n<h3>\n\t\t\t1 Einzelbett und 1 Doppelbett\t<\/h3>\n\t<p>Die Dreifachwohnungen sind zwischen 45 und 60 Quadratmetern gro\u00df. Sie bieten Platz f\u00fcr drei G\u00e4sten und verf\u00fcgen \u00fcber ein Kingsize-Doppelbett oder zwei Einzelbetten sowie ein Sofa, das sich zu einem Einzelbett \u00f6ffnet und einen weiteren Gast unterbringt.<\/p>\n\t\t\t<a href=\"\/de\/book\/\" target=\"_self\">\n\t\t\t\t\t\t\tBUCHEN SIE JETZT ab \u20ac75\n\t\t\t\t\t<\/a>\n\t\t\t\t<img decoding=\"async\" src=\"https:\/\/alexias-apartments.gr\/files\/2020\/10\/alexias-apartments-triple-room-12.jpg\" alt=\"alexias-apartments-triple-room-12\" itemprop=\"image\" height=\"1281\" width=\"1920\" title=\"alexias-apartments-triple-room-12\" onerror=\"this.style.display='none'\" loading=\"lazy\" \/>\n<h2>\n\t\t\tUnsere G\u00e4ste erz\u00e4hlten von uns\t<\/h2>\n<h2>\n\t\t\tKaterina \t<\/h2>\n\t<p>Griechenland, 22. Januar 2020<\/p>\n\t\t\t\t<img decoding=\"async\" src=\"https:\/\/alexias-apartments.gr\/files\/2020\/10\/logo-booking-com.png\" alt=\"logo-booking-com\" itemprop=\"image\" height=\"247\" width=\"700\" title=\"logo-booking-com\" onerror=\"this.style.display='none'\" loading=\"lazy\" \/>\n<h3>\n\t\t\tPerfekt !\t<\/h3>\n\t<p>&#8222;Das Dachzimmer war sehr sch\u00f6n eingerichtet, tadellos sauber, komfortabel und warm, da es drau\u00dfen sehr kalt war. Die Fotos werden dem nicht gerecht. !!! Die Besitzer, die den ganzen Tag dort waren, l\u00e4chelten immer und waren hilfsbereit! Alles war wunderbar. &#8222;<\/p>\n\t\t\t<a href=\"\/de\/reviews\/\" target=\"_self\">\n\t\t\t\t\t\t\tLESEN SIE ALLE BEWERTUNGEN\n\t\t\t\t\t<\/a>\n\n","protected":false},"excerpt":{"rendered":"<p>Alexia&#8217;s Apartments Wenn Komfort auf Einfachheit trifft Alexia&#8217;s Apartments Wohnungen zur Miete in einer famili\u00e4ren und angenehmen Umgebung Die Alexia&#8217;s Apartments in der Stadt von Rio empfangen Sie in ihren komfortablen Wohnungen. Nur 8 km vom Zentrum von Patras entfernt, befinden sich die Wohnungen zur Miete in unmittelbarer N\u00e4he des Universit\u00e4tsklinikums von Rio und der [&hellip;]<\/p>\n","protected":false},"author":1,"featured_media":0,"parent":0,"menu_order":0,"comment_status":"closed","ping_status":"closed","template":"","meta":{"site-sidebar-layout":"no-sidebar","site-content-layout":"page-builder","ast-site-content-layout":"default","site-content-style":"default","site-sidebar-style":"default","ast-global-header-display":"","ast-banner-title-visibility":"","ast-main-header-display":"","ast-hfb-above-header-display":"","ast-hfb-below-header-display":"","ast-hfb-mobile-header-display":"","site-post-title":"disabled","ast-breadcrumbs-content":"","ast-featured-img":"disabled","footer-sml-layout":"","ast-disable-related-posts":"","theme-transparent-header-meta":"enabled","adv-header-id-meta":"","stick-header-meta":"default","header-above-stick-meta":"","header-main-stick-meta":"","header-below-stick-meta":"","astra-migrate-meta-layouts":"default","ast-page-background-enabled":"default","ast-page-background-meta":{"desktop":{"background-color":"","background-image":"","background-repeat":"repeat","background-position":"center center","background-size":"auto","background-attachment":"scroll","background-type":"","background-media":"","overlay-type":"","overlay-color":"","overlay-opacity":"","overlay-gradient":""},"tablet":{"background-color":"","background-image":"","background-repeat":"repeat","background-position":"center center","background-size":"auto","background-attachment":"scroll","background-type":"","background-media":"","overlay-type":"","overlay-color":"","overlay-opacity":"","overlay-gradient":""},"mobile":{"background-color":"","background-image":"","background-repeat":"repeat","background-position":"center center","background-size":"auto","background-attachment":"scroll","background-type":"","background-media":"","overlay-type":"","overlay-color":"","overlay-opacity":"","overlay-gradient":""}},"ast-content-background-meta":{"desktop":{"background-color":"var(--ast-global-color-5)","background-image":"","background-repeat":"repeat","background-position":"center center","background-size":"auto","background-attachment":"scroll","background-type":"","background-media":"","overlay-type":"","overlay-color":"","overlay-opacity":"","overlay-gradient":""},"tablet":{"background-color":"var(--ast-global-color-5)","background-image":"","background-repeat":"repeat","background-position":"center center","background-size":"auto","background-attachment":"scroll","background-type":"","background-media":"","overlay-type":"","overlay-color":"","overlay-opacity":"","overlay-gradient":""},"mobile":{"background-color":"var(--ast-global-color-5)","background-image":"","background-repeat":"repeat","background-position":"center center","background-size":"auto","background-attachment":"scroll","background-type":"","background-media":"","overlay-type":"","overlay-color":"","overlay-opacity":"","overlay-gradient":""}},"footnotes":""},"class_list":["post-508","page","type-page","status-publish","hentry"],"_links":{"self":[{"href":"https:\/\/alexias-apartments.gr\/de\/wp-json\/wp\/v2\/pages\/508","targetHints":{"allow":["GET"]}}],"collection":[{"href":"https:\/\/alexias-apartments.gr\/de\/wp-json\/wp\/v2\/pages"}],"about":[{"href":"https:\/\/alexias-apartments.gr\/de\/wp-json\/wp\/v2\/types\/page"}],"author":[{"embeddable":true,"href":"https:\/\/alexias-apartments.gr\/de\/wp-json\/wp\/v2\/users\/1"}],"replies":[{"embeddable":true,"href":"https:\/\/alexias-apartments.gr\/de\/wp-json\/wp\/v2\/comments?post=508"}],"version-history":[{"count":0,"href":"https:\/\/alexias-apartments.gr\/de\/wp-json\/wp\/v2\/pages\/508\/revisions"}],"wp:attachment":[{"href":"https:\/\/alexias-apartments.gr\/de\/wp-json\/wp\/v2\/media?parent=508"}],"curies":[{"name":"wp","href":"https:\/\/api.w.org\/{rel}","templated":true}]}}